{"id":941,"date":"2020-05-01T14:56:49","date_gmt":"2020-05-01T14:56:49","guid":{"rendered":"https:\/\/www.t-alacarte.com\/experiences\/moravskoslezsky-kraj\/"},"modified":"2020-07-02T16:06:42","modified_gmt":"2020-07-02T16:06:42","slug":"moravskoslezsky-kraj","status":"publish","type":"page","link":"https:\/\/talacarte.com\/en\/experiences\/moravskoslezsky-kraj\/","title":{"rendered":"Moravian-Silesian region"},"content":{"rendered":"<div class=\"wpb-content-wrapper\"><p>[vc_row css=&#8221;.vc_custom_1588344999519{margin-top: 50px !important;}&#8221;][vc_column][vc_column_text]<\/p>\n<h2 style=\"text-align: center;\">MORAVIAN-SILESIAN REGION (NORTH MORAVIA)<\/h2>\n<p>[\/vc_column_text][\/vc_column][\/vc_row][vc_row][vc_column][vc_column_text]The Moravian-Silesian Region, also known as North Moravia, includes the towns of Jesen\u00edky, Opava Silesia, Moravian Krava\u0159sko, Ostrava, T\u011b\u0161\u00edn Silesia, Beskydy \u2013 the former region of Wallachia. Here,<\/p>\n<p>spread through the air are fairytale regions, architectural jewels, customs and traditions, technical rarities \u2013 all of these are found as vintage pieces that are forever timeless amongst the modern world we live in today.[\/vc_column_text][\/vc_column][\/vc_row][vc_row el_class=&#8221;blog-gallery&#8221;][vc_column][vc_media_grid grid_id=&#8221;vc_gid:1593705520405-65d6300a-752e-8&#8243; include=&#8221;767,769,771&#8243;][\/vc_column][\/vc_row][vc_row][vc_column][vc_column_text]<strong>JESEN\u00cdKY MOUNTAINS<\/strong><\/p>\n<p>Just as the Czechs have their Sn\u011b\u017eka, the Moravians have their Prad\u011bd. At the beginning of the 20th century, Moravians built a lookout tower here, however, due to unsuitable building that could not support the bounds of the tower itself, the lookout tower deemed itself architecturally unstable, leading to the spontaneous and abrupt rupture in the foundation of the building. The lookout tower continued to fall apart until it was completely destroyed, so the planned reconstruction was not featured as it was unable to take place. <a href=\"https:\/\/severnimorava.travel\/co-delat\/priroda\/htelevizn\u00edizni-vez-na-pradedu\">https:\/\/severnimorava.travel\/co-delat\/priroda\/htelevizn\u00edizni-vez-na-pradedu<\/a>.<\/p>\n<p><strong>INTERESTED IN HISTORY, CZECHOSLOVAKIA AND WORLD WAR II?<\/strong><\/p>\n<p>If so, the fortress near Darkovi\u010dky and Hlu\u010d\u00edn in the Opava Silesia region is a place you cannot miss! The bunkers built during the First Republic were to serve and defend Czechoslovakia against Nazi Germany. Who knows what would have happened if it hadn&#8217;t been for Munich! <a href=\"https:\/\/severnimorava.travel\/co-delat\/kultura-a-tradice\/muzea-a-galerie\/valecne-pevnosti-v-okoli-darkovicek-u-hlucina\">https:\/\/severnimorava.travel\/co-delat\/kultura-a-tradice\/muzea-a-galerie\/valecne-pevnosti-v-okoli-darkovicek-u-hlucina<\/a>[\/vc_column_text][\/vc_column][\/vc_row][vc_row el_class=&#8221;blog-gallery&#8221;][vc_column][vc_media_grid grid_id=&#8221;vc_gid:1593705520411-b07ee33a-ebd7-0&#8243; include=&#8221;773,775,777&#8243;][\/vc_column][\/vc_row][vc_row][vc_column][vc_column_text]<strong>OSTRAVA<\/strong><\/p>\n<p>Interested in old smelters, mines, and the rich history of the First Republic? Experience Ostrava! As a university town, Ostrava yields never-ending fun for travelers that set foot in this lustrous city. There are many memorable experiences that can take place in Ostrava, which ranks the third largest city in the Czech Republic. <a href=\"https:\/\/www.ostrava.cz\/cs\/turista\">https:\/\/www.ostrava.cz\/cs\/turista<\/a><\/p>\n<p><strong>BESKYDY<\/strong><\/p>\n<p>Unspoiled nature along with the charm of the picturesque Beskydy gives travelers a variety of choices for trips, relaxation packages, and experiences. The highest mountain Lys\u00e1 Hora, measuring 1323 meters, is undoubtedly the biggest highlight of this region. From its height, you can see all the way to the rocky peaks of the High Tatras.<\/p>\n<p><strong>NOTABLE VISITS<\/strong><\/p>\n<p>The family house of Zikmund Freud, the Velk\u00fd Javorn\u00edk Lookout Tower, the Tatra Kop\u0159ivnice Technical Museum, Pustevny \u2013 these are just some of the many interesting places that a tourist should visit.[\/vc_column_text][\/vc_column][\/vc_row]<\/p>\n<\/div>","protected":false},"excerpt":{"rendered":"<p>[vc_row css=&#8221;.vc_custom_1588344999519{margin-top: 50px !important;}&#8221;][vc_column][vc_column_text] MORAVIAN-SILESIAN REGION (NORTH MORAVIA) [\/vc_column_text][\/vc_column][\/vc_row][vc_row][vc_column][vc_column_text]The Moravian-Silesian Region, also known as North Moravia, includes the towns of Jesen\u00edky, Opava Silesia, Moravian Krava\u0159sko, Ostrava, T\u011b\u0161\u00edn Silesia, Beskydy \u2013 the former region of Wallachia. Here, spread through the air are fairytale regions, architectural jewels, customs and traditions, technical rarities \u2013 all of these are [&hellip;]<\/p>\n","protected":false},"author":1,"featured_media":0,"parent":873,"menu_order":0,"comment_status":"closed","ping_status":"closed","template":"page-special-offer-region.php","meta":{"_acf_changed":false,"footnotes":""},"class_list":["post-941","page","type-page","status-publish","hentry"],"acf":[],"_links":{"self":[{"href":"https:\/\/talacarte.com\/en\/wp-json\/wp\/v2\/pages\/941","targetHints":{"allow":["GET"]}}],"collection":[{"href":"https:\/\/talacarte.com\/en\/wp-json\/wp\/v2\/pages"}],"about":[{"href":"https:\/\/talacarte.com\/en\/wp-json\/wp\/v2\/types\/page"}],"author":[{"embeddable":true,"href":"https:\/\/talacarte.com\/en\/wp-json\/wp\/v2\/users\/1"}],"replies":[{"embeddable":true,"href":"https:\/\/talacarte.com\/en\/wp-json\/wp\/v2\/comments?post=941"}],"version-history":[{"count":3,"href":"https:\/\/talacarte.com\/en\/wp-json\/wp\/v2\/pages\/941\/revisions"}],"predecessor-version":[{"id":962,"href":"https:\/\/talacarte.com\/en\/wp-json\/wp\/v2\/pages\/941\/revisions\/962"}],"up":[{"embeddable":true,"href":"https:\/\/talacarte.com\/en\/wp-json\/wp\/v2\/pages\/873"}],"wp:attachment":[{"href":"https:\/\/talacarte.com\/en\/wp-json\/wp\/v2\/media?parent=941"}],"curies":[{"name":"wp","href":"https:\/\/api.w.org\/{rel}","templated":true}]}}