{"id":949,"date":"2020-05-01T14:44:44","date_gmt":"2020-05-01T14:44:44","guid":{"rendered":"https:\/\/www.t-alacarte.com\/experiences\/stredocesky-kraj\/"},"modified":"2020-07-02T16:16:04","modified_gmt":"2020-07-02T16:16:04","slug":"stredocesky-kraj","status":"publish","type":"page","link":"https:\/\/talacarte.com\/en\/experiences\/stredocesky-kraj\/","title":{"rendered":"Central Bohemian region"},"content":{"rendered":"<div class=\"wpb-content-wrapper\"><p>[vc_row css=&#8221;.vc_custom_1588344270139{margin-top: 50px !important;}&#8221;][vc_column][vc_column_text]<\/p>\n<h2 style=\"text-align: center;\">CENTRAL BOHEMIAN REGION<\/h2>\n<p>[\/vc_column_text][\/vc_column][\/vc_row][vc_row][vc_column][vc_column_text]The region is divided into 12 districts, two of which relate to Prague, where the highest population density is. There are many castles and chateaux in the area, but also an endless amount of beautiful nature. Of the castles and chateaux, you can visit, for example, the second most famous castle in the Czech Republic, Karl\u0161tejn, then Loket, To\u010dn\u00edk, \u017debr\u00e1k, Oko\u0159, K\u0159ivokl\u00e1t, Ho\u0159ovick\u00fd z\u00e1mek or Nelahozeves. If the mountain ranges are already peering over at you, then why not look at Karl\u0161tejn or Konopi\u0161t\u011b from the luxury of an air balloon?[\/vc_column_text][\/vc_column][\/vc_row][vc_row el_class=&#8221;blog-gallery&#8221;][vc_column][vc_media_grid grid_id=&#8221;vc_gid:1593705980691-b789af04-a240-3&#8243; include=&#8221;674,676,678&#8243;][\/vc_column][\/vc_row][vc_row][vc_column][vc_column_text]<strong>MALE\u0160OV CAMPSITE &amp; FORTRESS<\/strong><\/p>\n<p>Experience the Middle Ages in the Male\u0161ov campsite, where you will find accommodation in tents and medieval cuisine using only ingredients that have been here since ancient times, but in a modern form on a plate. All this awaits you under the Male\u0161ov Fortress from the 14th century \u2013 the only place you will experience the Middle Ages in modern luxury.<\/p>\n<p><strong>NOTABLE VISITS<\/strong><\/p>\n<p>There are many possibilities for trips in this area, such as the Church of St. Barbora in Kutn\u00e1 Hora from the UNESCO list. A little further on you can explore Pod\u011bbrady, a spa town, the Pod\u011bbrady chateau, colonnade, spa wafers, and lastly you must not forget to experience the shooting of mineral water from one of the springs! Then, dine in at Cucina, a restaurant with a stellar interior, or next to Caf\u00e9 Oliver. Additionally, just a few kilometers away resides the town of Nymburk (symbolized by its brick walls) or the gothic church of St. Jilj\u00ed. Nearby also lies the town square, where you can observe the Renaissance Town Hall and the plague column. Nearby, you can then enjoy food from the bistro Na Star\u00e9 Po\u0161te.[\/vc_column_text][\/vc_column][\/vc_row][vc_row el_class=&#8221;blog-gallery&#8221;][vc_column][vc_media_grid grid_id=&#8221;vc_gid:1593705980694-c8ee9528-d1c9-4&#8243; include=&#8221;680,682,684&#8243;][\/vc_column][\/vc_row][vc_row][vc_column][vc_column_text]<strong>L\u00c1NY<\/strong><\/p>\n<p>West of Prague be sure to visit L\u00e1ny, a town made famous by T. G. Masaryk, the first president of the Czechoslovak Republic. You can sift through the Masaryk Museum or visit the first president\u2019s gravesite, where he was buried with his wife. Of course, you can also explore the L\u00e1nsk\u00fd chateau, which has been used by the country&#8217;s presidents since the beginning of the republic as one of their residences. The castle is not open to the public, but you can go to the main gate and see the castle guard or sit for coffee in the garden at the Masaryk Museum with a view of the castle. When you are on the path in the footsteps of Masaryk, stop at the train station in Stochov, where they will show you the presidential lounge that Masaryk traveled to on request. Also in Rakovn\u00edk there is another Masaryk Museum and a beautiful square. In Lu\u017en\u00e1 you will find the Museum of Czech Railways, where there are old locomotives, trucks, and cars. If you fancy Vietnamese, eat at the MyMy restaurant, or for Czech cuisine, visit \u0160alanda.[\/vc_column_text][\/vc_column][\/vc_row]<\/p>\n<\/div>","protected":false},"excerpt":{"rendered":"<p>[vc_row css=&#8221;.vc_custom_1588344270139{margin-top: 50px !important;}&#8221;][vc_column][vc_column_text] CENTRAL BOHEMIAN REGION [\/vc_column_text][\/vc_column][\/vc_row][vc_row][vc_column][vc_column_text]The region is divided into 12 districts, two of which relate to Prague, where the highest population density is. There are many castles and chateaux in the area, but also an endless amount of beautiful nature. Of the castles and chateaux, you can visit, for example, the second [&hellip;]<\/p>\n","protected":false},"author":1,"featured_media":0,"parent":873,"menu_order":0,"comment_status":"closed","ping_status":"closed","template":"page-special-offer-region.php","meta":{"_acf_changed":false,"footnotes":""},"class_list":["post-949","page","type-page","status-publish","hentry"],"acf":[],"_links":{"self":[{"href":"https:\/\/talacarte.com\/en\/wp-json\/wp\/v2\/pages\/949","targetHints":{"allow":["GET"]}}],"collection":[{"href":"https:\/\/talacarte.com\/en\/wp-json\/wp\/v2\/pages"}],"about":[{"href":"https:\/\/talacarte.com\/en\/wp-json\/wp\/v2\/types\/page"}],"author":[{"embeddable":true,"href":"https:\/\/talacarte.com\/en\/wp-json\/wp\/v2\/users\/1"}],"replies":[{"embeddable":true,"href":"https:\/\/talacarte.com\/en\/wp-json\/wp\/v2\/comments?post=949"}],"version-history":[{"count":3,"href":"https:\/\/talacarte.com\/en\/wp-json\/wp\/v2\/pages\/949\/revisions"}],"predecessor-version":[{"id":970,"href":"https:\/\/talacarte.com\/en\/wp-json\/wp\/v2\/pages\/949\/revisions\/970"}],"up":[{"embeddable":true,"href":"https:\/\/talacarte.com\/en\/wp-json\/wp\/v2\/pages\/873"}],"wp:attachment":[{"href":"https:\/\/talacarte.com\/en\/wp-json\/wp\/v2\/media?parent=949"}],"curies":[{"name":"wp","href":"https:\/\/api.w.org\/{rel}","templated":true}]}}