{"id":953,"date":"2020-05-01T14:55:48","date_gmt":"2020-05-01T14:55:48","guid":{"rendered":"https:\/\/www.t-alacarte.com\/experiences\/zlinsky-kraj\/"},"modified":"2020-07-02T16:24:21","modified_gmt":"2020-07-02T16:24:21","slug":"zlinsky-kraj","status":"publish","type":"page","link":"https:\/\/talacarte.com\/en\/experiences\/zlinsky-kraj\/","title":{"rendered":"Zl\u00edn region"},"content":{"rendered":"<div class=\"wpb-content-wrapper\"><p>[vc_row css=&#8221;.vc_custom_1588344934679{margin-top: 50px !important;}&#8221;][vc_column][vc_column_text]<\/p>\n<h2 style=\"text-align: center;\">ZL\u00cdN REGION<\/h2>\n<p>[\/vc_column_text][\/vc_column][\/vc_row][vc_row][vc_column][vc_column_text]The Zl\u00edn Region represents Eastern Moravia, its traditional values, folklore, excellent wines with plum brandy, important cultural monuments and, finally, luxurious spas.<\/p>\n<p><strong>WALLACHIA, KROM\u011a\u0158\u00cd\u017d, SLOV\u00c1CKO, ZL\u00cdN AND LUHA\u010cOVICE<\/strong><\/p>\n<p>Each of these areas retains an unmistakable identity rooted in its origins from long ago. Folk traditions and natural beauties will perfectly enchant each of you on your trip through these towns. Here, you will find a very rich culture with folk traditions that you will find anywhere else in the Czech Republic.<\/p>\n<p><strong>UHERSK\u00c9 HRADI\u0160T\u011a<\/strong><\/p>\n<p>This area provides an ideal space to spend the holidays on the water. To make your stay more pleasant, pair it with good wine and an excursion to the castle park at Buchlovice Castle, or directly to Buchlov Castle. There is all of those, and much more!<\/p>\n<p><a href=\"https:\/\/www.zamek-buchlovice.cz\/cs\">www.zamek-buchlovice.cz\/cs <\/a><\/p>\n<p><a href=\"https:\/\/www.hrad-buchlov.cz\/cs\">www.hrad-buchlov.cz\/cs<\/a>[\/vc_column_text][\/vc_column][\/vc_row][vc_row el_class=&#8221;blog-gallery&#8221;][vc_column][vc_media_grid grid_id=&#8221;vc_gid:1593706811755-029320e2-39e2-10&#8243; include=&#8221;837,839,841&#8243;][\/vc_column][\/vc_row][vc_row][vc_column][vc_column_text]<strong>CRUISE<\/strong><\/p>\n<p>Due to the busy schedule of travelers, making a visit directly to winemakers in the region prove a bit formidable. However, visitors have the great opportunity to ride a cruise at the Ba\u0165a Canal in Slovakia. Stay packages on houseboats paired with an excursion directly to the &#8220;kitchen&#8221; of winemakers will offer you the opportunity to combine several activities at once. During the cruise you can stop in any of the ports and, for example, have an undemanding sports program on bikes around ba\u00b4t\u00e1k. The bike path is an easy, undemanding trip which allows those who are not active athletes to enjoy the trail and thus makes it ideal for virtually all ages. If you are sailing with children, here is where the youngest will also receive their money&#8217;s worth. At the stop in the port of the Old Town you are able to visit and explore the area, which offers a completely original panoramic view of the entire valley in which Uhersk\u00e9 Hradi\u0161t\u011b is located. Another highlight of this route is the Buchlov Castle and its manorial burial ground on the side hill Barborka.<\/p>\n<p><a href=\"https:\/\/www.adrenalinparkubataku.cz\/\">https:\/\/www.adrenalinparkubataku.cz\/ <\/a><\/p>\n<p><a href=\"https:\/\/www.senzasport.cz\/pujcovna\">https:\/\/www.senzasport.cz\/pujcovna <\/a><\/p>\n<p><a href=\"https:\/\/skanzenrochus.cz\/\">https:\/\/skanzenrochus.cz\/<\/a><\/p>\n<p>If you choose one of our wine sailing options, you will be enriched by the experience of listening to a live dulcimer band that will play just for you! Cimbalom music is an inseparable part of Slov\u00e1cko culture that you will be welcomed to experience.<\/p>\n<p><strong>MR. BA\u0164A<\/strong><\/p>\n<p>Zl\u00edn was especially famous for Mr. Ba\u0165a, who, among other things, built the Ba\u0165a canal to transport coal. The absolute original works of the world are his houses, which you will not find anywhere else on this planet. Lastly, there you will find Ba\u0165a&#8217;s skyscraper &#8220;21&#8221;, which was the second largest buildings in Europe at the time of its creation.[\/vc_column_text][\/vc_column][\/vc_row][vc_row el_class=&#8221;blog-gallery&#8221;][vc_column][vc_media_grid grid_id=&#8221;vc_gid:1593706811757-1fa4c68c-bfa9-1&#8243; include=&#8221;843,845,847&#8243;][\/vc_column][\/vc_row][vc_row][vc_column][vc_column_text]<strong>SPAS AT LUHA\u010cOVICE<\/strong><\/p>\n<p>Luha\u010dovice is famous as one of the most prominent spa towns in the Czech Republic. Here, you will find a wide range of hotels with a variety of spa treatments available and mineral springs. Their history dates far back in time, with the first records of its institutions captured in the first half of the 17th century. They came to the subconscious thanks to members of the noble Ser\u00e9nyi family, especially Ond\u0159ej, Vincent and Jan. Hence, the rise of the name Vincentka, for example, as one of the main suppliers in the area.<\/p>\n<p>Beyond spas, we find the charming, unique architecture that characterizes this spa town as noteworthy. Nature and cultural activities belong to this city in addition to the spa itself.<\/p>\n<p><strong>PLUM BRANDY<\/strong><\/p>\n<p>If you are interested in or enjoy indulging in plum brandy, then you must visit Vizovice! At Rudy Jel\u00ednek you will learn the specifics of this craft and certainly take away items with you in lieu of this experience. Moreover, the beauty and picturesqueness of the Wallachian landscape is unique and difficult to describe. You just need to experience it for yourself!<\/p>\n<p><a href=\"https:\/\/rjelinek.cz\/\">https:\/\/rjelinek.cz\/ <\/a><\/p>\n<p><a href=\"https:\/\/visit-valassko.cz\/\">https:\/\/visit-valassko.cz\/<\/a><\/p>\n<p><strong>KROM\u011a\u0158\u00cd\u017d ARCHBISHOP&#8217;S CHATEAU<\/strong><\/p>\n<p>Krom\u011b\u0159\u00ed\u017e Archbishop&#8217;s chateau and gardens, listed as a UNESCO World Heritage Site, belongs at the top of your itinerary! If you decide to visit this other picturesque region of Eastern Moravia,<\/p>\n<p>the archbishop&#8217;s castle cellars and the charming Renaissance Flower Garden, built by Italian architects F. Luches and P. G. Tencall, make up the unique features of this region and make it all the more worth visiting.<\/p>\n<p><a href=\"https:\/\/www.zamek-kromeriz.cz\/\">https:\/\/www.zamek-kromeriz.cz\/<\/a><\/p>\n<p><a href=\"https:\/\/arcibiskupskevino.cz\/\">https:\/\/arcibiskupskevino.cz\/<\/a><\/p>\n<p><a href=\"https:\/\/www.kvetnazahrada-kromeriz.cz\/cs\">https:\/\/www.kvetnazahrada-kromeriz.cz\/cs<\/a>[\/vc_column_text][\/vc_column][\/vc_row]<\/p>\n<\/div>","protected":false},"excerpt":{"rendered":"<p>[vc_row css=&#8221;.vc_custom_1588344934679{margin-top: 50px !important;}&#8221;][vc_column][vc_column_text] ZL\u00cdN REGION [\/vc_column_text][\/vc_column][\/vc_row][vc_row][vc_column][vc_column_text]The Zl\u00edn Region represents Eastern Moravia, its traditional values, folklore, excellent wines with plum brandy, important cultural monuments and, finally, luxurious spas. WALLACHIA, KROM\u011a\u0158\u00cd\u017d, SLOV\u00c1CKO, ZL\u00cdN AND LUHA\u010cOVICE Each of these areas retains an unmistakable identity rooted in its origins from long ago. Folk traditions and natural beauties will [&hellip;]<\/p>\n","protected":false},"author":1,"featured_media":0,"parent":873,"menu_order":0,"comment_status":"closed","ping_status":"closed","template":"page-special-offer-region.php","meta":{"_acf_changed":false,"footnotes":""},"class_list":["post-953","page","type-page","status-publish","hentry"],"acf":[],"_links":{"self":[{"href":"https:\/\/talacarte.com\/en\/wp-json\/wp\/v2\/pages\/953","targetHints":{"allow":["GET"]}}],"collection":[{"href":"https:\/\/talacarte.com\/en\/wp-json\/wp\/v2\/pages"}],"about":[{"href":"https:\/\/talacarte.com\/en\/wp-json\/wp\/v2\/types\/page"}],"author":[{"embeddable":true,"href":"https:\/\/talacarte.com\/en\/wp-json\/wp\/v2\/users\/1"}],"replies":[{"embeddable":true,"href":"https:\/\/talacarte.com\/en\/wp-json\/wp\/v2\/comments?post=953"}],"version-history":[{"count":3,"href":"https:\/\/talacarte.com\/en\/wp-json\/wp\/v2\/pages\/953\/revisions"}],"predecessor-version":[{"id":974,"href":"https:\/\/talacarte.com\/en\/wp-json\/wp\/v2\/pages\/953\/revisions\/974"}],"up":[{"embeddable":true,"href":"https:\/\/talacarte.com\/en\/wp-json\/wp\/v2\/pages\/873"}],"wp:attachment":[{"href":"https:\/\/talacarte.com\/en\/wp-json\/wp\/v2\/media?parent=953"}],"curies":[{"name":"wp","href":"https:\/\/api.w.org\/{rel}","templated":true}]}}